{"id":10315,"date":"2024-12-21T08:39:51","date_gmt":"2024-12-21T08:39:51","guid":{"rendered":"https:\/\/demo.wpzoom.com\/inspiro-lite-medical\/?page_id=10315"},"modified":"2025-12-12T11:44:24","modified_gmt":"2025-12-12T11:44:24","slug":"homepage-inspiro","status":"publish","type":"page","link":"https:\/\/yorukoglunakliye.com.tr\/","title":{"rendered":"Ana Sayfa"},"content":{"rendered":"\n\n\n\n\n\n<h1 class=\"wp-block-heading is-layout-constrained wp-block-group-is-layout-constrained is-layout-flow wp-block-column-is-layout-flow is-layout-flex wp-container-core-columns-is-layout-9d6595d7 wp-block-columns-is-layout-flex wp-container-core-group-is-layout-14487670\" style=\"font-style: normal; font-weight: 800; line-height: 1.3;\"><strong>T\u00fcrkiye\u2019nin Her Noktas\u0131na G\u00fcvenle!<\/strong><\/h1>\n\n\n<p style=\"font-size: 18px;\">Profesyonel ekibimiz ve modern ara\u00e7 filomuzla T\u00fcrkiye\u2019nin d\u00f6rt bir yan\u0131na \u015fehirler aras\u0131 ta\u015f\u0131mac\u0131l\u0131k hizmeti sunuyoruz. G\u00fcvenli, zaman\u0131nda ve \u00f6zenli ta\u015f\u0131mac\u0131l\u0131k anlay\u0131\u015f\u0131m\u0131zla y\u00fck\u00fcn\u00fcz bize emanet, i\u00e7iniz rahat olsun!<\/p>\n\n\n\n\n\n<figure class=\"wp-block-gallery-1 is-layout-flex wp-block-gallery-is-layout-flex is-layout-flow wp-block-column-is-layout-flow\">\n\n<figure><img decoding=\"async\" data-id=\"10875\" src=\"https:\/\/yorukoglunakliye.com.tr\/wp-content\/uploads\/2025\/11\/cropped-Gemini_Generated_Image_uxz837uxz837uxz8.png\" alt=\"\" \/><\/figure>\n\n<\/figure>\n\n\n\n\n\n\n\n\n\n<figure class=\"wp-block-gallery-2 is-layout-flex wp-block-gallery-is-layout-flex\">\n\n<figure><img decoding=\"async\" data-id=\"10864\" src=\"https:\/\/yorukoglunakliye.com.tr\/wp-content\/uploads\/2025\/11\/Gemini_Generated_Image_wp4eilwp4eilwp4e-1-1024x908.png\" alt=\"\" \/><\/figure>\n\n\n<figure><img decoding=\"async\" data-id=\"10863\" src=\"https:\/\/yorukoglunakliye.com.tr\/wp-content\/uploads\/2025\/11\/Gemini_Generated_Image_6v6ale6v6ale6v6a-1.png\" alt=\"\" \/><\/figure>\n\n<\/figure>\n\n\n\n<hr \/>\n\n\n\n<p><strong>Y\u00f6r\u00fcko\u011flu Nakliye \u2013 Y\u00fck\u00fcn\u00fcz\u00fc De\u011fil, G\u00fcveninizi Ta\u015f\u0131yoruz<\/strong><\/p>\n\n\n\n<p>Lojistik ve ta\u015f\u0131mac\u0131l\u0131k sekt\u00f6r\u00fcnde, y\u0131llar\u0131n verdi\u011fi tecr\u00fcbe ve y\u0131llardan beri s\u00fcregelen hizmet a\u015fk\u0131yla yola \u00e7\u0131kan <strong>Y\u00f6r\u00fcko\u011flu Nakliye<\/strong>, ta\u015f\u0131mac\u0131l\u0131\u011f\u0131 sadece e\u015fyalar\u0131n yer de\u011fi\u015ftirmesi olarak de\u011fil, bir \u00e7\u00f6z\u00fcm ortakl\u0131\u011f\u0131 olarak g\u00f6rmektedir. T\u00fcrkiye&#8217;nin d\u00f6rt bir yan\u0131na g\u00fcven k\u00f6pr\u00fcleri kuruyoruz. ister parsiyel ta\u015f\u0131mac\u0131l\u0131k olsun, ister her operasyonda &#8220;s\u0131f\u0131r hata&#8221; prensibiyle hareket ediyoruz.<\/p>\n\n\n\n<p>E\u015fyalar\u0131n\u0131z\u0131n maddi ve manevi de\u011ferinin bilincindeyiz. Bu nedenle her a\u015famada titizlikle \u00e7al\u0131\u015f\u0131yoruz, ta\u015f\u0131ma s\u00fcrecini sizin i\u00e7in bir stres kayna\u011f\u0131 olmaktan \u00e7\u0131kar\u0131p keyifli bir ba\u015flang\u0131ca d\u00f6n\u00fc\u015ft\u00fcr\u00fcyoruz.<\/p>\n\n\n\n<p><strong>Y\u00f6r\u00fcko\u011flu Nakliye<\/strong> ile mesafeler k\u0131sal\u0131r, y\u00fck\u00fcn\u00fcz hafifler.<\/p>\n\n\n<p>Referansl\u0131 M\u00fc\u015fteri<br \/>0<br \/>+<br \/>Lokasyon<br \/>0<br \/>ll\u00e7e<br \/>0<br \/>Nakliyat<br \/>0<br \/>+<br \/><a target=\"_blank\"><br \/>Facebook<br \/><\/a><br \/><a target=\"_blank\"><br \/>Twitter<br \/><\/a><br \/><a target=\"_blank\"><br \/>Youtube<br \/><\/a><br \/><a href=\"https:\/\/www.linkedin.com\/in\/bahad%C4%B1r-karateke-3499b7391\/\" target=\"_blank\" rel=\"noopener\"><br \/>Linkedin<br \/><\/a><\/p>","protected":false},"excerpt":{"rendered":"<p>T\u00fcrkiye\u2019nin Her Noktas\u0131na G\u00fcvenle! Profesyonel ekibimiz ve modern ara\u00e7 filomuzla T\u00fcrkiye\u2019nin d\u00f6rt bir yan\u0131na \u015fehirler aras\u0131 ta\u015f\u0131mac\u0131l\u0131k hizmeti sunuyoruz. G\u00fcvenli, zaman\u0131nda ve \u00f6zenli ta\u015f\u0131mac\u0131l\u0131k anlay\u0131\u015f\u0131m\u0131zla y\u00fck\u00fcn\u00fcz bize emanet, i\u00e7iniz rahat olsun! Y\u00f6r\u00fcko\u011flu Nakliye \u2013 Y\u00fck\u00fcn\u00fcz\u00fc De\u011fil, G\u00fcveninizi Ta\u015f\u0131yoruz Lojistik ve ta\u015f\u0131mac\u0131l\u0131k sekt\u00f6r\u00fcnde, y\u0131llar\u0131n verdi\u011fi tecr\u00fcbe ve y\u0131llardan beri s\u00fcregelen hizmet a\u015fk\u0131yla yola \u00e7\u0131kan Y\u00f6r\u00fcko\u011flu Nakliye, [&hellip;]<\/p>\n","protected":false},"author":1,"featured_media":0,"parent":0,"menu_order":0,"comment_status":"closed","ping_status":"closed","template":"","meta":{"_eb_attr":"","footnotes":""},"class_list":["post-10315","page","type-page","status-publish","hentry"],"_links":{"self":[{"href":"https:\/\/yorukoglunakliye.com.tr\/index.php?rest_route=\/wp\/v2\/pages\/10315","targetHints":{"allow":["GET"]}}],"collection":[{"href":"https:\/\/yorukoglunakliye.com.tr\/index.php?rest_route=\/wp\/v2\/pages"}],"about":[{"href":"https:\/\/yorukoglunakliye.com.tr\/index.php?rest_route=\/wp\/v2\/types\/page"}],"author":[{"embeddable":true,"href":"https:\/\/yorukoglunakliye.com.tr\/index.php?rest_route=\/wp\/v2\/users\/1"}],"replies":[{"embeddable":true,"href":"https:\/\/yorukoglunakliye.com.tr\/index.php?rest_route=%2Fwp%2Fv2%2Fcomments&post=10315"}],"version-history":[{"count":28,"href":"https:\/\/yorukoglunakliye.com.tr\/index.php?rest_route=\/wp\/v2\/pages\/10315\/revisions"}],"predecessor-version":[{"id":10998,"href":"https:\/\/yorukoglunakliye.com.tr\/index.php?rest_route=\/wp\/v2\/pages\/10315\/revisions\/10998"}],"wp:attachment":[{"href":"https:\/\/yorukoglunakliye.com.tr\/index.php?rest_route=%2Fwp%2Fv2%2Fmedia&parent=10315"}],"curies":[{"name":"wp","href":"https:\/\/api.w.org\/{rel}","templated":true}]}}